{"id":17,"date":"2017-06-27T12:06:00","date_gmt":"2017-06-27T10:06:00","guid":{"rendered":"http:\/\/www.marionemney.at\/html\/?page_id=17"},"modified":"2024-04-12T23:01:22","modified_gmt":"2024-04-12T21:01:22","slug":"information","status":"publish","type":"page","link":"http:\/\/www.marionemney.at\/html\/information\/","title":{"rendered":"Information"},"content":{"rendered":"<h2>Information f\u00fcr den Patienten :<\/h2>\n<p>Sie ben\u00f6tigen eine Verordnung von Ihrem Hausarzt od. Facharzt. Diese muss bei Ihrer Krankenkasse chef\u00e4rztlich bewilligt werden. Am Ende einer Therapieserie erhalten Sie von mir eine Honorarnote, die Sie dann zusammen mit Ihrer bewilligten Verordnung bei Ihrer Krankenkasse einreichen. Sie bekommen den Kassentarif refundiert.<\/p>\n<h4>F\u00fcr ein Informationsgespr\u00e4ch ist keine Verordnung notwendig.<\/h4>\n","protected":false},"excerpt":{"rendered":"<p>Information f\u00fcr den Patienten : Sie ben\u00f6tigen eine Verordnung von Ihrem Hausarzt od. Facharzt. Diese muss bei Ihrer Krankenkasse chef\u00e4rztlich bewilligt werden. Am Ende einer Therapieserie erhalten Sie von mir eine Honorarnote, die Sie dann zusammen mit Ihrer bewilligten Verordnung bei Ihrer Krankenkasse einreichen. Sie bekommen den Kassentarif refundiert. F\u00fcr ein Informationsgespr\u00e4ch ist keine Verordnung [&hellip;]<\/p>\n","protected":false},"author":1,"featured_media":0,"parent":0,"menu_order":0,"comment_status":"closed","ping_status":"closed","template":"","meta":{"footnotes":""},"class_list":["post-17","page","type-page","status-publish","hentry","entry"],"yoast_head":"<!-- This site is optimized with the Yoast SEO plugin v27.3 - https:\/\/yoast.com\/product\/yoast-seo-wordpress\/ -->\n<title>Information - Marion Emney<\/title>\n<meta name=\"robots\" content=\"index, follow, max-snippet:-1, max-image-preview:large, max-video-preview:-1\" \/>\n<link rel=\"canonical\" href=\"http:\/\/www.marionemney.at\/html\/information\/\" \/>\n<meta property=\"og:locale\" content=\"de_DE\" \/>\n<meta property=\"og:type\" content=\"article\" \/>\n<meta property=\"og:title\" content=\"Information - Marion Emney\" \/>\n<meta property=\"og:description\" content=\"Information f\u00fcr den Patienten : Sie ben\u00f6tigen eine Verordnung von Ihrem Hausarzt od. Facharzt. Diese muss bei Ihrer Krankenkasse chef\u00e4rztlich bewilligt werden. Am Ende einer Therapieserie erhalten Sie von mir eine Honorarnote, die Sie dann zusammen mit Ihrer bewilligten Verordnung bei Ihrer Krankenkasse einreichen. Sie bekommen den Kassentarif refundiert. F\u00fcr ein Informationsgespr\u00e4ch ist keine Verordnung [&hellip;]\" \/>\n<meta property=\"og:url\" content=\"http:\/\/www.marionemney.at\/html\/information\/\" \/>\n<meta property=\"og:site_name\" content=\"Marion Emney\" \/>\n<meta property=\"article:modified_time\" content=\"2024-04-12T21:01:22+00:00\" \/>\n<meta name=\"twitter:card\" content=\"summary_large_image\" \/>\n<meta name=\"twitter:label1\" content=\"Gesch\u00e4tzte Lesezeit\" \/>\n\t<meta name=\"twitter:data1\" content=\"1\u00a0Minute\" \/>\n<script type=\"application\/ld+json\" class=\"yoast-schema-graph\">{\"@context\":\"https:\\\/\\\/schema.org\",\"@graph\":[{\"@type\":\"WebPage\",\"@id\":\"http:\\\/\\\/www.marionemney.at\\\/html\\\/information\\\/\",\"url\":\"http:\\\/\\\/www.marionemney.at\\\/html\\\/information\\\/\",\"name\":\"Information - Marion Emney\",\"isPartOf\":{\"@id\":\"http:\\\/\\\/www.marionemney.at\\\/html\\\/#website\"},\"datePublished\":\"2017-06-27T10:06:00+00:00\",\"dateModified\":\"2024-04-12T21:01:22+00:00\",\"breadcrumb\":{\"@id\":\"http:\\\/\\\/www.marionemney.at\\\/html\\\/information\\\/#breadcrumb\"},\"inLanguage\":\"de\",\"potentialAction\":[{\"@type\":\"ReadAction\",\"target\":[\"http:\\\/\\\/www.marionemney.at\\\/html\\\/information\\\/\"]}]},{\"@type\":\"BreadcrumbList\",\"@id\":\"http:\\\/\\\/www.marionemney.at\\\/html\\\/information\\\/#breadcrumb\",\"itemListElement\":[{\"@type\":\"ListItem\",\"position\":1,\"name\":\"Startseite\",\"item\":\"http:\\\/\\\/www.marionemney.at\\\/html\\\/\"},{\"@type\":\"ListItem\",\"position\":2,\"name\":\"Information\"}]},{\"@type\":\"WebSite\",\"@id\":\"http:\\\/\\\/www.marionemney.at\\\/html\\\/#website\",\"url\":\"http:\\\/\\\/www.marionemney.at\\\/html\\\/\",\"name\":\"Marion Emney\",\"description\":\"Physio\",\"potentialAction\":[{\"@type\":\"SearchAction\",\"target\":{\"@type\":\"EntryPoint\",\"urlTemplate\":\"http:\\\/\\\/www.marionemney.at\\\/html\\\/?s={search_term_string}\"},\"query-input\":{\"@type\":\"PropertyValueSpecification\",\"valueRequired\":true,\"valueName\":\"search_term_string\"}}],\"inLanguage\":\"de\"}]}<\/script>\n<!-- \/ Yoast SEO plugin. -->","yoast_head_json":{"title":"Information - Marion Emney","robots":{"index":"index","follow":"follow","max-snippet":"max-snippet:-1","max-image-preview":"max-image-preview:large","max-video-preview":"max-video-preview:-1"},"canonical":"http:\/\/www.marionemney.at\/html\/information\/","og_locale":"de_DE","og_type":"article","og_title":"Information - Marion Emney","og_description":"Information f\u00fcr den Patienten : Sie ben\u00f6tigen eine Verordnung von Ihrem Hausarzt od. Facharzt. Diese muss bei Ihrer Krankenkasse chef\u00e4rztlich bewilligt werden. Am Ende einer Therapieserie erhalten Sie von mir eine Honorarnote, die Sie dann zusammen mit Ihrer bewilligten Verordnung bei Ihrer Krankenkasse einreichen. Sie bekommen den Kassentarif refundiert. F\u00fcr ein Informationsgespr\u00e4ch ist keine Verordnung [&hellip;]","og_url":"http:\/\/www.marionemney.at\/html\/information\/","og_site_name":"Marion Emney","article_modified_time":"2024-04-12T21:01:22+00:00","twitter_card":"summary_large_image","twitter_misc":{"Gesch\u00e4tzte Lesezeit":"1\u00a0Minute"},"schema":{"@context":"https:\/\/schema.org","@graph":[{"@type":"WebPage","@id":"http:\/\/www.marionemney.at\/html\/information\/","url":"http:\/\/www.marionemney.at\/html\/information\/","name":"Information - Marion Emney","isPartOf":{"@id":"http:\/\/www.marionemney.at\/html\/#website"},"datePublished":"2017-06-27T10:06:00+00:00","dateModified":"2024-04-12T21:01:22+00:00","breadcrumb":{"@id":"http:\/\/www.marionemney.at\/html\/information\/#breadcrumb"},"inLanguage":"de","potentialAction":[{"@type":"ReadAction","target":["http:\/\/www.marionemney.at\/html\/information\/"]}]},{"@type":"BreadcrumbList","@id":"http:\/\/www.marionemney.at\/html\/information\/#breadcrumb","itemListElement":[{"@type":"ListItem","position":1,"name":"Startseite","item":"http:\/\/www.marionemney.at\/html\/"},{"@type":"ListItem","position":2,"name":"Information"}]},{"@type":"WebSite","@id":"http:\/\/www.marionemney.at\/html\/#website","url":"http:\/\/www.marionemney.at\/html\/","name":"Marion Emney","description":"Physio","potentialAction":[{"@type":"SearchAction","target":{"@type":"EntryPoint","urlTemplate":"http:\/\/www.marionemney.at\/html\/?s={search_term_string}"},"query-input":{"@type":"PropertyValueSpecification","valueRequired":true,"valueName":"search_term_string"}}],"inLanguage":"de"}]}},"_links":{"self":[{"href":"http:\/\/www.marionemney.at\/html\/wp-json\/wp\/v2\/pages\/17","targetHints":{"allow":["GET"]}}],"collection":[{"href":"http:\/\/www.marionemney.at\/html\/wp-json\/wp\/v2\/pages"}],"about":[{"href":"http:\/\/www.marionemney.at\/html\/wp-json\/wp\/v2\/types\/page"}],"author":[{"embeddable":true,"href":"http:\/\/www.marionemney.at\/html\/wp-json\/wp\/v2\/users\/1"}],"replies":[{"embeddable":true,"href":"http:\/\/www.marionemney.at\/html\/wp-json\/wp\/v2\/comments?post=17"}],"version-history":[{"count":4,"href":"http:\/\/www.marionemney.at\/html\/wp-json\/wp\/v2\/pages\/17\/revisions"}],"predecessor-version":[{"id":315,"href":"http:\/\/www.marionemney.at\/html\/wp-json\/wp\/v2\/pages\/17\/revisions\/315"}],"wp:attachment":[{"href":"http:\/\/www.marionemney.at\/html\/wp-json\/wp\/v2\/media?parent=17"}],"curies":[{"name":"wp","href":"https:\/\/api.w.org\/{rel}","templated":true}]}}